{"id":82,"date":"2023-01-01T16:42:57","date_gmt":"2023-01-01T15:42:57","guid":{"rendered":"http:\/\/urgence-enfants-africains.org\/?page_id=82"},"modified":"2024-04-18T09:04:30","modified_gmt":"2024-04-18T07:04:30","slug":"2023-2","status":"publish","type":"page","link":"https:\/\/urgence-enfants-africains.org\/index.php\/2023-2\/","title":{"rendered":"SAUVONS Jean-Placide\u00a0: Evacuation sanitaire en Guin\u00e9e &#8211; Pieds bots bilat\u00e9rales (Octobre 2023)"},"content":{"rendered":"\n<figure class=\"wp-block-embed is-type-video is-provider-youtube wp-block-embed-youtube wp-embed-aspect-16-9 wp-has-aspect-ratio\"><div class=\"wp-block-embed__wrapper\">\n<iframe loading=\"lazy\" title=\"S\u00e9jour sanitaire de Jean-Placide en Guin\u00e9e pour son op\u00e9ration de pieds bots\" width=\"500\" height=\"281\" src=\"https:\/\/www.youtube.com\/embed\/wZxPSUR_Xqk?feature=oembed\" frameborder=\"0\" allow=\"accelerometer; autoplay; clipboard-write; encrypted-media; gyroscope; picture-in-picture; web-share\" referrerpolicy=\"strict-origin-when-cross-origin\" allowfullscreen><\/iframe>\n<\/div><\/figure>\n\n\n<div class=\"wp-block-image\">\n<figure class=\"aligncenter size-full\"><img loading=\"lazy\" decoding=\"async\" width=\"457\" height=\"577\" src=\"https:\/\/urgence-enfants-africains.org\/wp-content\/uploads\/2024\/04\/image-3.png\" alt=\"\" class=\"wp-image-456\" srcset=\"https:\/\/urgence-enfants-africains.org\/wp-content\/uploads\/2024\/04\/image-3.png 457w, https:\/\/urgence-enfants-africains.org\/wp-content\/uploads\/2024\/04\/image-3-238x300.png 238w\" sizes=\"auto, (max-width: 457px) 100vw, 457px\" \/><\/figure>\n<\/div>\n\n\n<p><strong><a href=\"https:\/\/urgence-enfants-africains.org\/index.php\/pathologies-eligibles\/\" target=\"_blank\" rel=\"noreferrer noopener\">\u00ab\u00a0URGENCE ENFANTS AFRICAINS\u00a0\u00bb<\/a> en partenariat avec l&#8217;ONG &#8220;<a href=\"https:\/\/www.facebook.com\/enfantsdunoma\" target=\"_blank\" rel=\"noreferrer noopener\">Les Enfants du Noma<\/a>&#8221;\u00a0est heureuse de vous annoncer que Jean-Placide, un jeune enfant \u00e2g\u00e9 de 10 ans, de nationalit\u00e9 congolaise de Brazzaville, pr\u00e9sentant des \u00ab\u00a0PIEDS BOT\u00a0VARUS EQUIN \u00bb a b\u00e9n\u00e9fici\u00e9 de notre programme \u00ab\u00a0gratuit\u00a0\u00bb de soins m\u00e9dicaux \u00e0 l\u2019\u00e9tranger.<\/strong><\/p>\n\n\n\n<p><strong>Nom de l\u2019enfant malade<\/strong>&nbsp;: Jean-Placide Bitsindou<\/p>\n\n\n\n<p><strong>Pays d\u2019origine<\/strong>&nbsp;: Congo-Brazzaville&nbsp;;<\/p>\n\n\n\n<p><strong>Arriv\u00e9e en Guin\u00e9e<\/strong>\u00a0: 8 octobre 2023\u00a0; <strong>Retour au Congo<\/strong>\u00a0: 8 d\u00e9cembre 2023\u00a0<\/p>\n\n\n\n<figure class=\"wp-block-image size-large\"><img loading=\"lazy\" decoding=\"async\" width=\"1024\" height=\"128\" src=\"https:\/\/urgence-enfants-africains.org\/wp-content\/uploads\/2024\/04\/image-2-1024x128.png\" alt=\"\" class=\"wp-image-455\" srcset=\"https:\/\/urgence-enfants-africains.org\/wp-content\/uploads\/2024\/04\/image-2-1024x128.png 1024w, https:\/\/urgence-enfants-africains.org\/wp-content\/uploads\/2024\/04\/image-2-300x38.png 300w, https:\/\/urgence-enfants-africains.org\/wp-content\/uploads\/2024\/04\/image-2-768x96.png 768w, https:\/\/urgence-enfants-africains.org\/wp-content\/uploads\/2024\/04\/image-2.png 1048w\" sizes=\"auto, (max-width: 1024px) 100vw, 1024px\" \/><\/figure>\n\n\n<div class=\"wp-block-image\">\n<figure class=\"aligncenter size-large is-resized\"><img loading=\"lazy\" decoding=\"async\" width=\"1024\" height=\"768\" src=\"https:\/\/urgence-enfants-africains.org\/wp-content\/uploads\/2024\/04\/Arrivee-de-jean-placide-et-sa-maman-a-Conakry-ce-dimanche-8-octobre-1-1024x768.jpg\" alt=\"\" class=\"wp-image-452\" style=\"width:468px;height:auto\" srcset=\"https:\/\/urgence-enfants-africains.org\/wp-content\/uploads\/2024\/04\/Arrivee-de-jean-placide-et-sa-maman-a-Conakry-ce-dimanche-8-octobre-1-1024x768.jpg 1024w, https:\/\/urgence-enfants-africains.org\/wp-content\/uploads\/2024\/04\/Arrivee-de-jean-placide-et-sa-maman-a-Conakry-ce-dimanche-8-octobre-1-300x225.jpg 300w, https:\/\/urgence-enfants-africains.org\/wp-content\/uploads\/2024\/04\/Arrivee-de-jean-placide-et-sa-maman-a-Conakry-ce-dimanche-8-octobre-1-768x576.jpg 768w, https:\/\/urgence-enfants-africains.org\/wp-content\/uploads\/2024\/04\/Arrivee-de-jean-placide-et-sa-maman-a-Conakry-ce-dimanche-8-octobre-1-1536x1152.jpg 1536w, https:\/\/urgence-enfants-africains.org\/wp-content\/uploads\/2024\/04\/Arrivee-de-jean-placide-et-sa-maman-a-Conakry-ce-dimanche-8-octobre-1-678x509.jpg 678w, https:\/\/urgence-enfants-africains.org\/wp-content\/uploads\/2024\/04\/Arrivee-de-jean-placide-et-sa-maman-a-Conakry-ce-dimanche-8-octobre-1-326x245.jpg 326w, https:\/\/urgence-enfants-africains.org\/wp-content\/uploads\/2024\/04\/Arrivee-de-jean-placide-et-sa-maman-a-Conakry-ce-dimanche-8-octobre-1-80x60.jpg 80w, https:\/\/urgence-enfants-africains.org\/wp-content\/uploads\/2024\/04\/Arrivee-de-jean-placide-et-sa-maman-a-Conakry-ce-dimanche-8-octobre-1.jpg 2048w\" sizes=\"auto, (max-width: 1024px) 100vw, 1024px\" \/><figcaption class=\"wp-element-caption\">Mingwa Biango, Jean Placide et sa maman Lisette<br>A\u00e9roport de Conakry en Guin\u00e9e (8 octobre 2023)<\/figcaption><\/figure>\n<\/div>\n\n\n<p><strong>Pathologie<\/strong>\u00a0: Pieds bots bilat\u00e9rales complexes<\/p>\n\n\n<div class=\"wp-block-image\">\n<figure class=\"aligncenter size-full is-resized\"><img loading=\"lazy\" decoding=\"async\" width=\"540\" height=\"582\" src=\"https:\/\/urgence-enfants-africains.org\/wp-content\/uploads\/2024\/04\/image.png\" alt=\"\" class=\"wp-image-453\" style=\"width:352px;height:auto\" srcset=\"https:\/\/urgence-enfants-africains.org\/wp-content\/uploads\/2024\/04\/image.png 540w, https:\/\/urgence-enfants-africains.org\/wp-content\/uploads\/2024\/04\/image-278x300.png 278w\" sizes=\"auto, (max-width: 540px) 100vw, 540px\" \/><\/figure>\n<\/div>\n\n\n<p><strong>Date et Lieu op\u00e9ration chirurgicale<\/strong>\u00a0: 10 octobre 2023 \u00e0 la Clinique Ambroise Par\u00e9 \u00e0 Conakry-Guin\u00e9e\u00a0<\/p>\n\n\n<div class=\"wp-block-image\">\n<figure class=\"aligncenter size-full is-resized\"><img loading=\"lazy\" decoding=\"async\" width=\"407\" height=\"593\" src=\"https:\/\/urgence-enfants-africains.org\/wp-content\/uploads\/2024\/04\/image-5.png\" alt=\"\" class=\"wp-image-459\" style=\"width:293px;height:auto\" srcset=\"https:\/\/urgence-enfants-africains.org\/wp-content\/uploads\/2024\/04\/image-5.png 407w, https:\/\/urgence-enfants-africains.org\/wp-content\/uploads\/2024\/04\/image-5-206x300.png 206w\" sizes=\"auto, (max-width: 407px) 100vw, 407px\" \/><\/figure>\n<\/div>\n\n<div class=\"wp-block-image\">\n<figure class=\"aligncenter size-full is-resized\"><img loading=\"lazy\" decoding=\"async\" width=\"741\" height=\"502\" src=\"https:\/\/urgence-enfants-africains.org\/wp-content\/uploads\/2024\/04\/image-6.png\" alt=\"\" class=\"wp-image-460\" style=\"width:487px;height:auto\" srcset=\"https:\/\/urgence-enfants-africains.org\/wp-content\/uploads\/2024\/04\/image-6.png 741w, https:\/\/urgence-enfants-africains.org\/wp-content\/uploads\/2024\/04\/image-6-300x203.png 300w\" sizes=\"auto, (max-width: 741px) 100vw, 741px\" \/><\/figure>\n<\/div>\n\n\n<p><strong>Chirurgien\u00a0<\/strong>: Pr Bruno Dohin (Chef de service Chirurgie orthop\u00e9dique p\u00e9diatrique \u2013 CHU de Saint-\u00c9tienne)\u00a0<\/p>\n\n\n<div class=\"wp-block-image\">\n<figure class=\"aligncenter size-full\"><img loading=\"lazy\" decoding=\"async\" width=\"356\" height=\"303\" src=\"https:\/\/urgence-enfants-africains.org\/wp-content\/uploads\/2024\/04\/image-7.png\" alt=\"\" class=\"wp-image-461\" srcset=\"https:\/\/urgence-enfants-africains.org\/wp-content\/uploads\/2024\/04\/image-7.png 356w, https:\/\/urgence-enfants-africains.org\/wp-content\/uploads\/2024\/04\/image-7-300x255.png 300w\" sizes=\"auto, (max-width: 356px) 100vw, 356px\" \/><\/figure>\n<\/div>\n\n\n<p><strong>Co\u00fbt financier et Prise en charge chirurgicale<\/strong>&nbsp;: Les Enfants Du Noma<\/p>\n\n\n\n<p><strong>Financement s\u00e9jour<\/strong>\u00a0: Urgence Enfants Africains<\/p>\n\n\n<div class=\"wp-block-image\">\n<figure class=\"aligncenter size-full\"><img loading=\"lazy\" decoding=\"async\" width=\"808\" height=\"357\" src=\"https:\/\/urgence-enfants-africains.org\/wp-content\/uploads\/2024\/04\/image-1.png\" alt=\"\" class=\"wp-image-454\" srcset=\"https:\/\/urgence-enfants-africains.org\/wp-content\/uploads\/2024\/04\/image-1.png 808w, https:\/\/urgence-enfants-africains.org\/wp-content\/uploads\/2024\/04\/image-1-300x133.png 300w, https:\/\/urgence-enfants-africains.org\/wp-content\/uploads\/2024\/04\/image-1-768x339.png 768w\" sizes=\"auto, (max-width: 808px) 100vw, 808px\" \/><\/figure>\n<\/div>\n\n\n<p><strong>R\u00e9sultat m\u00e9dical\u00a0<\/strong>: Chirurgie r\u00e9alis\u00e9e avec succ\u00e8s<\/p>\n\n\n\n<p>L\u2019op\u00e9ration chirurgicale de J-P Bitsindou a \u00e9t\u00e9 r\u00e9alis\u00e9e par l\u2019ONG \u00ab\u00a0<strong>Les Enfants Du Noma<\/strong>\u00a0\u00bb avec un financement de la\u00a0<strong>Fondation Jida Khazaa<\/strong>l , partenaire de notre ONG \u00ab\u00a0<strong>Urgence Enfants Africains<\/strong><\/p>\n\n\n\n<figure class=\"wp-block-image size-full\"><img loading=\"lazy\" decoding=\"async\" width=\"991\" height=\"408\" src=\"https:\/\/urgence-enfants-africains.org\/wp-content\/uploads\/2024\/04\/image-4.png\" alt=\"\" class=\"wp-image-457\" srcset=\"https:\/\/urgence-enfants-africains.org\/wp-content\/uploads\/2024\/04\/image-4.png 991w, https:\/\/urgence-enfants-africains.org\/wp-content\/uploads\/2024\/04\/image-4-300x124.png 300w, https:\/\/urgence-enfants-africains.org\/wp-content\/uploads\/2024\/04\/image-4-768x316.png 768w\" sizes=\"auto, (max-width: 991px) 100vw, 991px\" \/><\/figure>\n\n\n\n<p class=\"has-medium-font-size\"><strong><em>SAUVER UN ENFANT, C\u2019EST SAUVER LE MONDE<\/em><\/strong><\/p>\n\n\n\n<p><strong>Mingwa BIANGO<\/strong><\/p>\n\n\n\n<p>Pr\u00e9sident Ex\u00e9cutif&nbsp;\u00bb Urgence Enfants Africains&nbsp;\u00bb<\/p>\n\n\n\n<p>T\u00e9l\u00e9phone&nbsp;: +336 21 06 97 39<\/p>\n\n\n\n<p class=\"has-large-font-size\"><strong><a href=\"https:\/\/urgence-enfants-africains.org\/index.php\/organigramme\/\" target=\"_blank\" rel=\"noreferrer noopener\">CONSEIL D\u2019ADMINISTRATION<\/a><\/strong><\/p>\n\n\n\n<p>Pr\u00e9sident d\u2019Honneur&nbsp;: Camille Miansoni<\/p>\n\n\n\n<p>Pr\u00e9sident Ex\u00e9cutif&nbsp;: Mingwa Biango<\/p>\n\n\n\n<p>Vice-pr\u00e9sident&nbsp;: Dr Patrice Serge Ganga-Zandzou<\/p>\n\n\n\n<p>Tr\u00e9sorier&nbsp;: Geoffroy Justin Balonga<\/p>\n\n\n\n<p>Secr\u00e9taire&nbsp;: Prosper Mouanda-Moussoki<\/p>\n\n\n\n<p>Membre d\u2019honneur&nbsp;: Dr Michel Mpandi<\/p>\n\n\n\n<p><\/p>\n\n\n\n<p><\/p>\n","protected":false},"excerpt":{"rendered":"<div class=\"mh-excerpt\"><p>\u00ab\u00a0URGENCE ENFANTS AFRICAINS\u00a0\u00bb en partenariat avec l&#8217;ONG &#8220;Les Enfants du Noma&#8221;\u00a0est heureuse de vous annoncer que Jean-Placide, un jeune enfant \u00e2g\u00e9 de 10 ans, de <a class=\"mh-excerpt-more\" href=\"https:\/\/urgence-enfants-africains.org\/index.php\/2023-2\/\" title=\"SAUVONS Jean-Placide\u00a0: Evacuation sanitaire en Guin\u00e9e &#8211; Pieds bots bilat\u00e9rales (Octobre 2023)\">[&#8230;]<\/a><\/p>\n<\/div>","protected":false},"author":1,"featured_media":0,"parent":0,"menu_order":0,"comment_status":"closed","ping_status":"closed","template":"","meta":{"footnotes":""},"class_list":["post-82","page","type-page","status-publish","hentry"],"_links":{"self":[{"href":"https:\/\/urgence-enfants-africains.org\/index.php\/wp-json\/wp\/v2\/pages\/82","targetHints":{"allow":["GET"]}}],"collection":[{"href":"https:\/\/urgence-enfants-africains.org\/index.php\/wp-json\/wp\/v2\/pages"}],"about":[{"href":"https:\/\/urgence-enfants-africains.org\/index.php\/wp-json\/wp\/v2\/types\/page"}],"author":[{"embeddable":true,"href":"https:\/\/urgence-enfants-africains.org\/index.php\/wp-json\/wp\/v2\/users\/1"}],"replies":[{"embeddable":true,"href":"https:\/\/urgence-enfants-africains.org\/index.php\/wp-json\/wp\/v2\/comments?post=82"}],"version-history":[{"count":11,"href":"https:\/\/urgence-enfants-africains.org\/index.php\/wp-json\/wp\/v2\/pages\/82\/revisions"}],"predecessor-version":[{"id":463,"href":"https:\/\/urgence-enfants-africains.org\/index.php\/wp-json\/wp\/v2\/pages\/82\/revisions\/463"}],"wp:attachment":[{"href":"https:\/\/urgence-enfants-africains.org\/index.php\/wp-json\/wp\/v2\/media?parent=82"}],"curies":[{"name":"wp","href":"https:\/\/api.w.org\/{rel}","templated":true}]}}