{"id":81,"date":"2023-01-01T16:42:57","date_gmt":"2023-01-01T15:42:57","guid":{"rendered":"http:\/\/urgence-enfants-africains.org\/?page_id=81"},"modified":"2023-01-06T22:17:40","modified_gmt":"2023-01-06T21:17:40","slug":"2022-2","status":"publish","type":"page","link":"https:\/\/urgence-enfants-africains.org\/index.php\/2022-2\/","title":{"rendered":"PROJET REALISE EN 2022"},"content":{"rendered":"\n<p class=\"has-vivid-red-color has-text-color\" style=\"font-size:30px\"><strong>SAUVONS LIZA NGANGA : EVACUATION SANITAIRE FRANCE<\/strong><\/p>\n\n\n\n<div class=\"wp-block-group alignwide\"><div class=\"wp-block-group__inner-container is-layout-constrained wp-block-group-is-layout-constrained\">\n<p class=\"has-black-color has-text-color\"><\/p>\n\n\n\n<p><\/p>\n\n\n\n<p><\/p>\n\n\n\n<p class=\"has-vivid-cyan-blue-color has-text-color has-medium-font-size\"><strong>CHRONOLOGIE DES EVENEMENTS DU PROJET LIZA<\/strong><\/p>\n<\/div><\/div>\n\n\n\n<p><strong>Le Projet &#8220;Sauvons Liza Nganga&#8221; a \u00e9t\u00e9 r\u00e9alis\u00e9 sur une p\u00e9riode d&#8217;une ann\u00e9e soit 12 mois<\/strong><\/p>\n\n\n\n<p class=\"has-vivid-cyan-blue-color has-text-color has-medium-font-size\"><em><strong>OCTOBRE<\/strong><\/em><span><strong><em> &#8211; DECEMBRE 2022 : D\u00e9but de la campagne de sensibilisation sur les r\u00e9seaux sociaux<\/em><\/strong><\/span><\/p>\n\n\n\n<figure class=\"wp-block-embed is-type-video is-provider-youtube wp-block-embed-youtube wp-embed-aspect-16-9 wp-has-aspect-ratio\"><div class=\"wp-block-embed__wrapper\">\n<iframe loading=\"lazy\" title=\"URGENT. Il faut sauver Lisa Kiminou Nganga\" width=\"500\" height=\"281\" src=\"https:\/\/www.youtube.com\/embed\/eCxwWe4WIhc?feature=oembed\" frameborder=\"0\" allow=\"accelerometer; autoplay; clipboard-write; encrypted-media; gyroscope; picture-in-picture; web-share\" referrerpolicy=\"strict-origin-when-cross-origin\" allowfullscreen><\/iframe>\n<\/div><\/figure>\n\n\n\n<p><\/p>\n\n\n\n<p class=\"has-vivid-cyan-blue-color has-text-color has-medium-font-size\"><em><strong>30 AOUT 2022 : D\u00e9part de Liza de Brazzaville au Congo pour Paris en France<\/strong><\/em><\/p>\n\n\n<div class=\"wp-block-image\">\n<figure class=\"aligncenter size-medium is-resized\"><img loading=\"lazy\" decoding=\"async\" src=\"https:\/\/urgence-enfants-africains.org\/wp-content\/uploads\/2023\/01\/liza-brazza-2-1-222x300.jpeg\" alt=\"\" class=\"wp-image-180\" width=\"316\" height=\"427\" srcset=\"https:\/\/urgence-enfants-africains.org\/wp-content\/uploads\/2023\/01\/liza-brazza-2-1-222x300.jpeg 222w, https:\/\/urgence-enfants-africains.org\/wp-content\/uploads\/2023\/01\/liza-brazza-2-1-759x1024.jpeg 759w, https:\/\/urgence-enfants-africains.org\/wp-content\/uploads\/2023\/01\/liza-brazza-2-1-768x1036.jpeg 768w, https:\/\/urgence-enfants-africains.org\/wp-content\/uploads\/2023\/01\/liza-brazza-2-1.jpeg 780w\" sizes=\"auto, (max-width: 316px) 100vw, 316px\" \/><figcaption class=\"wp-element-caption\">D\u00e9part de Liza de Brazzaville au Congo pour Paris en France, le 29 ao\u00fbt 2022<\/figcaption><\/figure>\n<\/div>\n\n\n<p class=\"has-vivid-cyan-blue-color has-text-color has-medium-font-size\"><strong><em>30 AOUT 2022 : Arriv\u00e9e de Liza \u00e0 l&#8217;a\u00e9roport de Paris-Orly accueillie par Mingwa BIANGO et Geoffroy BALONGA (cofondateur de Urgence Enfants Africains)<\/em><\/strong><\/p>\n\n\n<div class=\"wp-block-image\">\n<figure class=\"aligncenter size-full is-resized\"><img loading=\"lazy\" decoding=\"async\" src=\"https:\/\/urgence-enfants-africains.org\/wp-content\/uploads\/2023\/01\/Capture.jpg\" alt=\"\" class=\"wp-image-181\" width=\"396\" height=\"244\" srcset=\"https:\/\/urgence-enfants-africains.org\/wp-content\/uploads\/2023\/01\/Capture.jpg 670w, https:\/\/urgence-enfants-africains.org\/wp-content\/uploads\/2023\/01\/Capture-300x185.jpg 300w\" sizes=\"auto, (max-width: 396px) 100vw, 396px\" \/><\/figure>\n<\/div>\n\n\n<p class=\"has-vivid-cyan-blue-color has-text-color has-medium-font-size\"><strong><em>13 SEPTEMBRE 2022 : Op\u00e9ration chirurgicale de Liza \u00e0 l&#8217;h\u00f4pital Necker &#8211; Enfants Malades \u00e0 Paris &#8211; France<\/em><\/strong><\/p>\n\n\n\n<div class=\"wp-block-group\"><div class=\"wp-block-group__inner-container is-layout-constrained wp-block-group-is-layout-constrained\"><div class=\"wp-block-image\">\n<figure class=\"aligncenter size-full\"><img loading=\"lazy\" decoding=\"async\" width=\"294\" height=\"391\" src=\"https:\/\/urgence-enfants-africains.org\/wp-content\/uploads\/2023\/01\/BLOC-LIZA.jpg\" alt=\"\" class=\"wp-image-32\" srcset=\"https:\/\/urgence-enfants-africains.org\/wp-content\/uploads\/2023\/01\/BLOC-LIZA.jpg 294w, https:\/\/urgence-enfants-africains.org\/wp-content\/uploads\/2023\/01\/BLOC-LIZA-226x300.jpg 226w\" sizes=\"auto, (max-width: 294px) 100vw, 294px\" \/><\/figure>\n<\/div><\/div><\/div>\n\n\n\n<p class=\"has-vivid-cyan-blue-color has-text-color has-medium-font-size\"><strong><em>DU 20 SEPTEMBRE AU 28 OCTOBRE 2022 : Convalescence de Liza \u00e0 Paris-France<\/em><\/strong><\/p>\n\n\n\n<div class=\"wp-block-columns is-layout-flex wp-container-core-columns-is-layout-9d6595d7 wp-block-columns-is-layout-flex\">\n<div class=\"wp-block-column is-layout-flow wp-block-column-is-layout-flow\"><div class=\"wp-block-image\">\n<figure class=\"aligncenter size-full is-resized\"><img loading=\"lazy\" decoding=\"async\" src=\"https:\/\/urgence-enfants-africains.org\/wp-content\/uploads\/2023\/01\/Liza-Nganga-a-la-Tour-Eiffel.jpg\" alt=\"\" class=\"wp-image-182\" width=\"373\" height=\"486\" srcset=\"https:\/\/urgence-enfants-africains.org\/wp-content\/uploads\/2023\/01\/Liza-Nganga-a-la-Tour-Eiffel.jpg 484w, https:\/\/urgence-enfants-africains.org\/wp-content\/uploads\/2023\/01\/Liza-Nganga-a-la-Tour-Eiffel-230x300.jpg 230w\" sizes=\"auto, (max-width: 373px) 100vw, 373px\" \/><figcaption class=\"wp-element-caption\">Liza en bateau mouche \u00e0 Paris &#8211; Tour Eiffel (octobre 2022)<\/figcaption><\/figure>\n<\/div><\/div>\n\n\n\n<div class=\"wp-block-column is-layout-flow wp-block-column-is-layout-flow\"><div class=\"wp-block-image\">\n<figure class=\"aligncenter size-large is-resized\"><img decoding=\"async\" src=\"https:\/\/urgence-enfants-africains.org\/wp-content\/uploads\/2023\/01\/Liza-a-larc-de-Triomphe4oct2022-768x1024.jpg\" alt=\"\" class=\"wp-image-183\" width=\"-20\" height=\"-26\" srcset=\"https:\/\/urgence-enfants-africains.org\/wp-content\/uploads\/2023\/01\/Liza-a-larc-de-Triomphe4oct2022-768x1024.jpg 768w, https:\/\/urgence-enfants-africains.org\/wp-content\/uploads\/2023\/01\/Liza-a-larc-de-Triomphe4oct2022-225x300.jpg 225w, https:\/\/urgence-enfants-africains.org\/wp-content\/uploads\/2023\/01\/Liza-a-larc-de-Triomphe4oct2022-1152x1536.jpg 1152w, https:\/\/urgence-enfants-africains.org\/wp-content\/uploads\/2023\/01\/Liza-a-larc-de-Triomphe4oct2022.jpg 1200w\" sizes=\"(max-width: 768px) 100vw, 768px\" \/><figcaption class=\"wp-element-caption\">Liza -Arc de Triomphe &#8211; Paris (octobre 2022)<\/figcaption><\/figure>\n<\/div><\/div>\n<\/div>\n\n\n\n<div class=\"wp-block-columns is-layout-flex wp-container-core-columns-is-layout-9d6595d7 wp-block-columns-is-layout-flex\">\n<div class=\"wp-block-column is-layout-flow wp-block-column-is-layout-flow\">\n<figure class=\"wp-block-image size-large is-resized\"><img loading=\"lazy\" decoding=\"async\" src=\"https:\/\/urgence-enfants-africains.org\/wp-content\/uploads\/2023\/01\/Liza-chocolat2-768x1024.jpeg\" alt=\"\" class=\"wp-image-260\" width=\"316\" height=\"421\" srcset=\"https:\/\/urgence-enfants-africains.org\/wp-content\/uploads\/2023\/01\/Liza-chocolat2-768x1024.jpeg 768w, https:\/\/urgence-enfants-africains.org\/wp-content\/uploads\/2023\/01\/Liza-chocolat2-225x300.jpeg 225w, https:\/\/urgence-enfants-africains.org\/wp-content\/uploads\/2023\/01\/Liza-chocolat2-1152x1536.jpeg 1152w, https:\/\/urgence-enfants-africains.org\/wp-content\/uploads\/2023\/01\/Liza-chocolat2.jpeg 1200w\" sizes=\"auto, (max-width: 316px) 100vw, 316px\" \/><\/figure>\n<\/div>\n\n\n\n<div class=\"wp-block-column is-layout-flow wp-block-column-is-layout-flow\">\n<figure class=\"wp-block-image size-large is-resized\"><img loading=\"lazy\" decoding=\"async\" src=\"https:\/\/urgence-enfants-africains.org\/wp-content\/uploads\/2023\/01\/Liza-aux-2-lacs-dEmerainville-21-septembre-2022-768x1024.jpeg\" alt=\"\" class=\"wp-image-262\" width=\"318\" height=\"424\" srcset=\"https:\/\/urgence-enfants-africains.org\/wp-content\/uploads\/2023\/01\/Liza-aux-2-lacs-dEmerainville-21-septembre-2022-768x1024.jpeg 768w, https:\/\/urgence-enfants-africains.org\/wp-content\/uploads\/2023\/01\/Liza-aux-2-lacs-dEmerainville-21-septembre-2022-225x300.jpeg 225w, https:\/\/urgence-enfants-africains.org\/wp-content\/uploads\/2023\/01\/Liza-aux-2-lacs-dEmerainville-21-septembre-2022-1152x1536.jpeg 1152w, https:\/\/urgence-enfants-africains.org\/wp-content\/uploads\/2023\/01\/Liza-aux-2-lacs-dEmerainville-21-septembre-2022.jpeg 1200w\" sizes=\"auto, (max-width: 318px) 100vw, 318px\" \/><\/figure>\n<\/div>\n<\/div>\n\n\n\n<p class=\"has-text-align-center has-vivid-cyan-blue-color has-text-color has-medium-font-size\"><strong><em>Quelques photos des parrains et marraines de Liza \u00e0 Paris (France)<\/em><\/strong><\/p>\n\n\n\n<div class=\"wp-block-columns is-layout-flex wp-container-core-columns-is-layout-9d6595d7 wp-block-columns-is-layout-flex\">\n<div class=\"wp-block-column is-layout-flow wp-block-column-is-layout-flow\" style=\"flex-basis:66.66%\"><div class=\"wp-block-image\">\n<figure class=\"aligncenter size-full is-resized\"><img loading=\"lazy\" decoding=\"async\" src=\"https:\/\/urgence-enfants-africains.org\/wp-content\/uploads\/2023\/01\/IMG-20220926-WA0013.jpg\" alt=\"\" class=\"wp-image-216\" width=\"299\" height=\"224\" srcset=\"https:\/\/urgence-enfants-africains.org\/wp-content\/uploads\/2023\/01\/IMG-20220926-WA0013.jpg 1024w, https:\/\/urgence-enfants-africains.org\/wp-content\/uploads\/2023\/01\/IMG-20220926-WA0013-300x225.jpg 300w, https:\/\/urgence-enfants-africains.org\/wp-content\/uploads\/2023\/01\/IMG-20220926-WA0013-768x576.jpg 768w, https:\/\/urgence-enfants-africains.org\/wp-content\/uploads\/2023\/01\/IMG-20220926-WA0013-678x509.jpg 678w, https:\/\/urgence-enfants-africains.org\/wp-content\/uploads\/2023\/01\/IMG-20220926-WA0013-326x245.jpg 326w, https:\/\/urgence-enfants-africains.org\/wp-content\/uploads\/2023\/01\/IMG-20220926-WA0013-80x60.jpg 80w\" sizes=\"auto, (max-width: 299px) 100vw, 299px\" \/><figcaption class=\"wp-element-caption\">Lionel G et Liza \u00e0 Paris (France)<\/figcaption><\/figure>\n<\/div><\/div>\n\n\n\n<div class=\"wp-block-column is-layout-flow wp-block-column-is-layout-flow\" style=\"flex-basis:33.33%\"><div class=\"wp-block-image\">\n<figure class=\"alignleft size-large is-resized\"><img loading=\"lazy\" decoding=\"async\" src=\"https:\/\/urgence-enfants-africains.org\/wp-content\/uploads\/2023\/01\/8478551126587690305-1024x498.jpg\" alt=\"\" class=\"wp-image-214\" width=\"472\" height=\"230\" srcset=\"https:\/\/urgence-enfants-africains.org\/wp-content\/uploads\/2023\/01\/8478551126587690305-1024x498.jpg 1024w, https:\/\/urgence-enfants-africains.org\/wp-content\/uploads\/2023\/01\/8478551126587690305-300x146.jpg 300w, https:\/\/urgence-enfants-africains.org\/wp-content\/uploads\/2023\/01\/8478551126587690305-768x373.jpg 768w, https:\/\/urgence-enfants-africains.org\/wp-content\/uploads\/2023\/01\/8478551126587690305-1536x747.jpg 1536w, https:\/\/urgence-enfants-africains.org\/wp-content\/uploads\/2023\/01\/8478551126587690305.jpg 2016w\" sizes=\"auto, (max-width: 472px) 100vw, 472px\" \/><figcaption class=\"wp-element-caption\">Prince K et Liza \u00e0 Paris (France)<\/figcaption><\/figure>\n<\/div><\/div>\n<\/div>\n\n\n<div class=\"wp-block-image\">\n<figure class=\"aligncenter size-full is-resized\"><img loading=\"lazy\" decoding=\"async\" src=\"https:\/\/urgence-enfants-africains.org\/wp-content\/uploads\/2023\/01\/Maman-Geraldie-et-Liza.jpg\" alt=\"\" class=\"wp-image-212\" width=\"229\" height=\"330\" srcset=\"https:\/\/urgence-enfants-africains.org\/wp-content\/uploads\/2023\/01\/Maman-Geraldie-et-Liza.jpg 446w, https:\/\/urgence-enfants-africains.org\/wp-content\/uploads\/2023\/01\/Maman-Geraldie-et-Liza-208x300.jpg 208w\" sizes=\"auto, (max-width: 229px) 100vw, 229px\" \/><\/figure>\n<\/div>\n\n\n<p class=\"has-vivid-cyan-blue-color has-text-color has-medium-font-size\"><strong><em>29 OCTOBRE 2022 : D\u00e9part de Liza \u00e0 Paris en France pour Pointe-Noire au Congo apr\u00e8s son s\u00e9jour m\u00e9dical<\/em><\/strong><\/p>\n\n\n\n<div class=\"wp-block-group\"><div class=\"wp-block-group__inner-container is-layout-constrained wp-block-group-is-layout-constrained\">\n<div class=\"wp-block-columns is-layout-flex wp-container-core-columns-is-layout-9d6595d7 wp-block-columns-is-layout-flex\">\n<div class=\"wp-block-column is-layout-flow wp-block-column-is-layout-flow\" style=\"flex-basis:100%\">\n<div class=\"wp-block-columns is-layout-flex wp-container-core-columns-is-layout-9d6595d7 wp-block-columns-is-layout-flex\">\n<div class=\"wp-block-column is-layout-flow wp-block-column-is-layout-flow\">\n<figure class=\"wp-block-image size-full\"><img loading=\"lazy\" decoding=\"async\" width=\"540\" height=\"816\" src=\"https:\/\/urgence-enfants-africains.org\/wp-content\/uploads\/2023\/01\/Capture-1.jpg\" alt=\"\" class=\"wp-image-186\" srcset=\"https:\/\/urgence-enfants-africains.org\/wp-content\/uploads\/2023\/01\/Capture-1.jpg 540w, https:\/\/urgence-enfants-africains.org\/wp-content\/uploads\/2023\/01\/Capture-1-199x300.jpg 199w\" sizes=\"auto, (max-width: 540px) 100vw, 540px\" \/><figcaption class=\"wp-element-caption\">Liza accompagn\u00e9e \u00e0 l&#8217;a\u00e9roport par Mingwa BIANGO et Geoffroy BALONGA (cofondateur Urgence Enfants Africains) &#8211; 29 oct 2022<\/figcaption><\/figure>\n<\/div>\n\n\n\n<div class=\"wp-block-column is-layout-flow wp-block-column-is-layout-flow\">\n<figure class=\"wp-block-image size-full\"><img loading=\"lazy\" decoding=\"async\" width=\"555\" height=\"817\" src=\"https:\/\/urgence-enfants-africains.org\/wp-content\/uploads\/2023\/01\/Capture-2.jpg\" alt=\"\" class=\"wp-image-190\" srcset=\"https:\/\/urgence-enfants-africains.org\/wp-content\/uploads\/2023\/01\/Capture-2.jpg 555w, https:\/\/urgence-enfants-africains.org\/wp-content\/uploads\/2023\/01\/Capture-2-204x300.jpg 204w\" sizes=\"auto, (max-width: 555px) 100vw, 555px\" \/><figcaption class=\"wp-element-caption\">Liza jouant du piano en salle d&#8217;embarquement \u00e0 l&#8217;a\u00e9roport de Roissy Charles de Gaulle<\/figcaption><\/figure>\n<\/div>\n\n\n\n<div class=\"wp-block-column is-layout-flow wp-block-column-is-layout-flow\">\n<figure class=\"wp-block-image size-large\"><img loading=\"lazy\" decoding=\"async\" width=\"771\" height=\"1024\" src=\"https:\/\/urgence-enfants-africains.org\/wp-content\/uploads\/2023\/01\/Liza-enregistrement-AF-771x1024.jpg\" alt=\"\" class=\"wp-image-185\" srcset=\"https:\/\/urgence-enfants-africains.org\/wp-content\/uploads\/2023\/01\/Liza-enregistrement-AF-771x1024.jpg 771w, https:\/\/urgence-enfants-africains.org\/wp-content\/uploads\/2023\/01\/Liza-enregistrement-AF-226x300.jpg 226w, https:\/\/urgence-enfants-africains.org\/wp-content\/uploads\/2023\/01\/Liza-enregistrement-AF-768x1021.jpg 768w, https:\/\/urgence-enfants-africains.org\/wp-content\/uploads\/2023\/01\/Liza-enregistrement-AF-1156x1536.jpg 1156w, https:\/\/urgence-enfants-africains.org\/wp-content\/uploads\/2023\/01\/Liza-enregistrement-AF.jpg 1204w\" sizes=\"auto, (max-width: 771px) 100vw, 771px\" \/><figcaption class=\"wp-element-caption\">Enregistrement \u00e0 l&#8217;a\u00e9roport de Roissy-Charles de Gaulle &#8211; Paris &#8211; 29 oct 2022<\/figcaption><\/figure>\n<\/div>\n<\/div>\n<\/div>\n<\/div>\n<\/div><\/div>\n\n\n\n<p class=\"has-vivid-cyan-blue-color has-text-color has-medium-font-size\"><strong><em>29 OCTOBRE 2022 : Liza \u00e0 bord du vol Air France en partance pour Pointe-Noire au Congo-Brazzaville<\/em><\/strong><\/p>\n\n\n\n<div class=\"wp-block-columns is-layout-flex wp-container-core-columns-is-layout-9d6595d7 wp-block-columns-is-layout-flex\">\n<div class=\"wp-block-column is-layout-flow wp-block-column-is-layout-flow\">\n<figure class=\"wp-block-image size-large is-resized\"><img loading=\"lazy\" decoding=\"async\" src=\"https:\/\/urgence-enfants-africains.org\/wp-content\/uploads\/2023\/01\/Liza-avion-1-1024x581.jpg\" alt=\"\" class=\"wp-image-187\" width=\"402\" height=\"228\" srcset=\"https:\/\/urgence-enfants-africains.org\/wp-content\/uploads\/2023\/01\/Liza-avion-1-1024x581.jpg 1024w, https:\/\/urgence-enfants-africains.org\/wp-content\/uploads\/2023\/01\/Liza-avion-1-300x170.jpg 300w, https:\/\/urgence-enfants-africains.org\/wp-content\/uploads\/2023\/01\/Liza-avion-1-768x436.jpg 768w, https:\/\/urgence-enfants-africains.org\/wp-content\/uploads\/2023\/01\/Liza-avion-1.jpg 1064w\" sizes=\"auto, (max-width: 402px) 100vw, 402px\" \/><figcaption class=\"wp-element-caption\">Liza \u00e0 bord du vol Air France (29 octobre 2022)<\/figcaption><\/figure>\n<\/div>\n\n\n\n<div class=\"wp-block-column is-layout-flow wp-block-column-is-layout-flow\">\n<figure class=\"wp-block-image size-large\"><img loading=\"lazy\" decoding=\"async\" width=\"1024\" height=\"584\" src=\"https:\/\/urgence-enfants-africains.org\/wp-content\/uploads\/2023\/01\/Liza-avion-2-1024x584.jpg\" alt=\"\" class=\"wp-image-188\" srcset=\"https:\/\/urgence-enfants-africains.org\/wp-content\/uploads\/2023\/01\/Liza-avion-2-1024x584.jpg 1024w, https:\/\/urgence-enfants-africains.org\/wp-content\/uploads\/2023\/01\/Liza-avion-2-300x171.jpg 300w, https:\/\/urgence-enfants-africains.org\/wp-content\/uploads\/2023\/01\/Liza-avion-2-768x438.jpg 768w, https:\/\/urgence-enfants-africains.org\/wp-content\/uploads\/2023\/01\/Liza-avion-2.jpg 1134w\" sizes=\"auto, (max-width: 1024px) 100vw, 1024px\" \/><figcaption class=\"wp-element-caption\">Liza \u00e0 bord du vol Air France (29 octobre 2022)<\/figcaption><\/figure>\n<\/div>\n<\/div>\n\n\n\n<p class=\"has-vivid-cyan-blue-color has-text-color has-medium-font-size\"><em><strong>29 OCTOBRE 2022 : Arriv\u00e9e de Liza \u00e0 Pointe-Noire au Congo-Brazzaville<\/strong><\/em><\/p>\n\n\n\n<div class=\"wp-block-columns is-layout-flex wp-container-core-columns-is-layout-9d6595d7 wp-block-columns-is-layout-flex\">\n<div class=\"wp-block-column is-layout-flow wp-block-column-is-layout-flow\">\n<figure class=\"wp-block-image size-full\"><img loading=\"lazy\" decoding=\"async\" width=\"399\" height=\"526\" src=\"https:\/\/urgence-enfants-africains.org\/wp-content\/uploads\/2023\/01\/Capture-3.jpg\" alt=\"\" class=\"wp-image-195\" srcset=\"https:\/\/urgence-enfants-africains.org\/wp-content\/uploads\/2023\/01\/Capture-3.jpg 399w, https:\/\/urgence-enfants-africains.org\/wp-content\/uploads\/2023\/01\/Capture-3-228x300.jpg 228w\" sizes=\"auto, (max-width: 399px) 100vw, 399px\" \/><figcaption class=\"wp-element-caption\">Liza &#8211; Retour \u00e0 Pointe-Noire au Congo (29 octobre 2022)<\/figcaption><\/figure>\n<\/div>\n\n\n\n<div class=\"wp-block-column is-layout-flow wp-block-column-is-layout-flow\">\n<figure class=\"wp-block-image size-full\"><img loading=\"lazy\" decoding=\"async\" width=\"399\" height=\"509\" src=\"https:\/\/urgence-enfants-africains.org\/wp-content\/uploads\/2023\/01\/Liza-a-Noel.jpg\" alt=\"\" class=\"wp-image-196\" srcset=\"https:\/\/urgence-enfants-africains.org\/wp-content\/uploads\/2023\/01\/Liza-a-Noel.jpg 399w, https:\/\/urgence-enfants-africains.org\/wp-content\/uploads\/2023\/01\/Liza-a-Noel-235x300.jpg 235w\" sizes=\"auto, (max-width: 399px) 100vw, 399px\" \/><figcaption class=\"wp-element-caption\">Liza \u00e0 la No\u00eal 2022 ( Pointe-Noire au Congo)<\/figcaption><\/figure>\n<\/div>\n<\/div>\n\n\n\n<div class=\"wp-block-media-text alignwide is-stacked-on-mobile\" style=\"grid-template-columns:15% auto\"><figure class=\"wp-block-media-text__media\"><img loading=\"lazy\" decoding=\"async\" width=\"234\" height=\"226\" src=\"https:\/\/urgence-enfants-africains.org\/wp-content\/uploads\/2023\/01\/Capture-7.jpg\" alt=\"\" class=\"wp-image-245 size-full\"\/><\/figure><div class=\"wp-block-media-text__content\">\n<p><strong>REMERCIEMENTS POUR LA PRISE EN CHARGE MEDICALE (FINANCEMENT DE L&#8217;OPERATION CHIRURGICALE)<\/strong><\/p>\n<\/div><\/div>\n\n\n\n<div class=\"wp-block-media-text alignwide is-stacked-on-mobile\" style=\"grid-template-columns:15% auto\"><figure class=\"wp-block-media-text__media\"><img loading=\"lazy\" decoding=\"async\" width=\"271\" height=\"229\" src=\"https:\/\/urgence-enfants-africains.org\/wp-content\/uploads\/2023\/01\/Capture-5.jpg\" alt=\"\" class=\"wp-image-243 size-full\"\/><\/figure><div class=\"wp-block-media-text__content\">\n<p><strong>REMERCIEMENTS AVIATION SANS FRONTIERES POUR LA PRISE EN CHARGE GRATUITE DU BILLET RETOUR ET L&#8217;ACCOMPAGNEMENT DE LIZA AU CONGO-BRAZZAVILLE<\/strong> <\/p>\n<\/div><\/div>\n\n\n\n<div class=\"wp-block-media-text alignwide is-stacked-on-mobile\" style=\"grid-template-columns:15% auto\"><figure class=\"wp-block-media-text__media\"><img loading=\"lazy\" decoding=\"async\" width=\"217\" height=\"215\" src=\"https:\/\/urgence-enfants-africains.org\/wp-content\/uploads\/2023\/01\/FRANCE.jpg\" alt=\"\" class=\"wp-image-242 size-full\" srcset=\"https:\/\/urgence-enfants-africains.org\/wp-content\/uploads\/2023\/01\/FRANCE.jpg 217w, https:\/\/urgence-enfants-africains.org\/wp-content\/uploads\/2023\/01\/FRANCE-150x150.jpg 150w\" sizes=\"auto, (max-width: 217px) 100vw, 217px\" \/><\/figure><div class=\"wp-block-media-text__content\">\n<p><strong>REMERCIEMENTS AU CONSULAT DE FRANCE A POINTE POUR LA DELIVRANCE DU VISA SANITAIRE<\/strong><\/p>\n<\/div><\/div>\n\n\n\n<div class=\"wp-block-media-text alignwide is-stacked-on-mobile\" style=\"grid-template-columns:15% auto\"><figure class=\"wp-block-media-text__media\"><img loading=\"lazy\" decoding=\"async\" width=\"211\" height=\"215\" src=\"https:\/\/urgence-enfants-africains.org\/wp-content\/uploads\/2023\/01\/Capture-6.jpg\" alt=\"\" class=\"wp-image-244 size-full\"\/><\/figure><div class=\"wp-block-media-text__content\">\n<p><strong>REMERCIEMENTS POUR LA CAMPAGNE DE COMMUNICATION<\/strong><\/p>\n<\/div><\/div>\n\n\n\n<div class=\"wp-block-media-text alignwide is-stacked-on-mobile\" style=\"grid-template-columns:15% auto\"><figure class=\"wp-block-media-text__media\"><img loading=\"lazy\" decoding=\"async\" width=\"318\" height=\"196\" src=\"https:\/\/urgence-enfants-africains.org\/wp-content\/uploads\/2023\/01\/Capture-8.jpg\" alt=\"\" class=\"wp-image-246 size-full\" srcset=\"https:\/\/urgence-enfants-africains.org\/wp-content\/uploads\/2023\/01\/Capture-8.jpg 318w, https:\/\/urgence-enfants-africains.org\/wp-content\/uploads\/2023\/01\/Capture-8-300x185.jpg 300w\" sizes=\"auto, (max-width: 318px) 100vw, 318px\" \/><\/figure><div class=\"wp-block-media-text__content\">\n<p><strong>REMERCIEMENTS A TOUTES LES DONATRICES ET DONATEURS<\/strong><\/p>\n<\/div><\/div>\n\n\n\n<p class=\"has-vivid-cyan-blue-color has-text-color\">contact@urgence-enfants-africains.org <\/p>\n\n\n\n<p><\/p>\n","protected":false},"excerpt":{"rendered":"<div class=\"mh-excerpt\"><p>SAUVONS LIZA NGANGA : EVACUATION SANITAIRE FRANCE CHRONOLOGIE DES EVENEMENTS DU PROJET LIZA Le Projet &#8220;Sauvons Liza Nganga&#8221; a \u00e9t\u00e9 r\u00e9alis\u00e9 sur une p\u00e9riode d&#8217;une <a class=\"mh-excerpt-more\" href=\"https:\/\/urgence-enfants-africains.org\/index.php\/2022-2\/\" title=\"PROJET REALISE EN 2022\">[&#8230;]<\/a><\/p>\n<\/div>","protected":false},"author":1,"featured_media":0,"parent":0,"menu_order":0,"comment_status":"closed","ping_status":"closed","template":"","meta":{"footnotes":""},"class_list":["post-81","page","type-page","status-publish","hentry"],"_links":{"self":[{"href":"https:\/\/urgence-enfants-africains.org\/index.php\/wp-json\/wp\/v2\/pages\/81","targetHints":{"allow":["GET"]}}],"collection":[{"href":"https:\/\/urgence-enfants-africains.org\/index.php\/wp-json\/wp\/v2\/pages"}],"about":[{"href":"https:\/\/urgence-enfants-africains.org\/index.php\/wp-json\/wp\/v2\/types\/page"}],"author":[{"embeddable":true,"href":"https:\/\/urgence-enfants-africains.org\/index.php\/wp-json\/wp\/v2\/users\/1"}],"replies":[{"embeddable":true,"href":"https:\/\/urgence-enfants-africains.org\/index.php\/wp-json\/wp\/v2\/comments?post=81"}],"version-history":[{"count":37,"href":"https:\/\/urgence-enfants-africains.org\/index.php\/wp-json\/wp\/v2\/pages\/81\/revisions"}],"predecessor-version":[{"id":264,"href":"https:\/\/urgence-enfants-africains.org\/index.php\/wp-json\/wp\/v2\/pages\/81\/revisions\/264"}],"wp:attachment":[{"href":"https:\/\/urgence-enfants-africains.org\/index.php\/wp-json\/wp\/v2\/media?parent=81"}],"curies":[{"name":"wp","href":"https:\/\/api.w.org\/{rel}","templated":true}]}}