{"id":74,"date":"2023-01-01T16:32:48","date_gmt":"2023-01-01T15:32:48","guid":{"rendered":"http:\/\/urgence-enfants-africains.org\/?page_id=74"},"modified":"2024-05-26T13:52:01","modified_gmt":"2024-05-26T11:52:01","slug":"pathologies-eligibles","status":"publish","type":"page","link":"https:\/\/urgence-enfants-africains.org\/index.php\/pathologies-eligibles\/","title":{"rendered":"PATHOLOGIES ELIGIBLES"},"content":{"rendered":"\n<p>Les conditions d&#8217;\u00e9ligibilit\u00e9 des enfants malades sont les suivantes :<\/p>\n\n\n\n<ul class=\"wp-block-list\">\n<li>Les enfants ag\u00e9s de 3-12 ans<\/li>\n\n\n\n<li>Les maladies des enfants ne peuvent \u00eatre prises en charge dans leurs pays<\/li>\n\n\n\n<li>Les parents des enfants malades sont pauvres ou d\u00e9favoris\u00e9s<\/li>\n<\/ul>\n\n\n\n<p class=\"has-vivid-red-color has-text-color\" style=\"font-size:26px\"><strong>I- PROCESSUS D\u2019ELIGIBILITE DES ENFANTS MALADES<\/strong><\/p>\n\n\n\n<ol class=\"wp-block-list\" type=\"1\">\n<li>Identifier les enfants africains malades ne pouvant \u00eatre soign\u00e9s dans leurs pays d\u2019origine&nbsp;;<\/li>\n\n\n\n<li>Validation du diagnostic m\u00e9dical pr\u00e9liminaire de l\u2019enfant malade par des experts locaux et le cas \u00e9ch\u00e9ant des services consulaires du pays de destination du s\u00e9jour m\u00e9dical&nbsp;;<\/li>\n\n\n\n<li>Validation des experts m\u00e9dicaux de nos partenaires prenant en charge m\u00e9dicale (op\u00e9ration chirurgicale) en France ou dans un autre pays \u00e9tranger&nbsp;;<\/li>\n\n\n\n<li>Constitution du dossier d\u2019\u00e9vacuation sanitaire et demande du visa sanitaire&nbsp;;<\/li>\n\n\n\n<li>Accueil et h\u00e9bergement de l\u2019enfant malade dans une famille d\u2019accueil b\u00e9n\u00e9vole durant tout le s\u00e9jour m\u00e9dical&nbsp;;<\/li>\n\n\n\n<li>Retour de l\u2019enfant malade dans son pays d\u2019origine&nbsp;;<\/li>\n<\/ol>\n\n\n\n<p><\/p>\n\n\n\n<p class=\"has-vivid-red-color has-text-color\" style=\"font-size:26px\">II- <strong>PATHOLOGIES PRISE EN CHARGE<\/strong><\/p>\n\n\n\n<p class=\"has-vivid-red-color has-text-color has-medium-font-size\">1- <strong>PATHOLOGIE MAXILLO-FACIALE<\/strong><\/p>\n\n\n\n<p><strong>Ce sont les pathologies qui atteignent la face, la cavit\u00e9 buccale, le cuir chevelu et les t\u00e9guments de l\u2019enveloppe corporelle.<\/strong><\/p>\n\n\n\n<h2 class=\"wp-block-heading\"><strong>Face, cavit\u00e9 buccale et cuir chevelu<\/strong><\/h2>\n\n\n\n<h4 class=\"wp-block-heading\">Malformations de la face<\/h4>\n\n\n\n<p><strong>Fentes faciales<\/strong><\/p>\n\n\n\n<p>Macroglossie cong\u00e9nitale,<\/p>\n\n\n\n<p>Hypertrophie h\u00e9mi-faciale,<\/p>\n\n\n\n<p>Syndromes associ\u00e9s d\u2019hypercroissance&nbsp;: Syndrome de Wiedemann-Beckwith, syndrome de Golabi<\/p>\n\n\n\n<p>Microglossie&nbsp;cong\u00e9nitale<\/p>\n\n\n\n<p><\/p>\n\n\n\n<h4 class=\"wp-block-heading\">Traumatismes des os et tissus mous ( fractures et plaies)<\/h4>\n\n\n\n<p><strong>Fractures des os de la face<\/strong><\/p>\n\n\n\n<ul class=\"wp-block-list\">\n<li>Fracture du zygoma,<\/li>\n\n\n\n<li>Fracture de l\u2019orbite,<\/li>\n\n\n\n<li>Fractures de la mandibule,<\/li>\n\n\n\n<li>Fracture du condyle,<\/li>\n\n\n\n<li>Fracture du maxillaire, fractures le Fort,<\/li>\n\n\n\n<li>Fracture du nez,<\/li>\n<\/ul>\n\n\n\n<p><strong>Tumeurs malignes<\/strong><\/p>\n\n\n\n<ul class=\"wp-block-list\">\n<li>Tumeur d\u2019Ewing<\/li>\n\n\n\n<li>Rhabdomyosarcome<\/li>\n\n\n\n<li>autre tumeur maligne rare<\/li>\n<\/ul>\n\n\n\n<p><\/p>\n\n\n\n<p class=\"has-vivid-red-color has-text-color\"><strong><em>Les photos ci-dessous sont la propri\u00e9t\u00e9 de l&#8217;ONG Face au Monde. Elles ont pour but d&#8217;illustrer les pathologies maxillo-faciales.<\/em><\/strong><\/p>\n\n\n\n<div class=\"wp-block-columns is-layout-flex wp-container-core-columns-is-layout-9d6595d7 wp-block-columns-is-layout-flex\">\n<div class=\"wp-block-column is-layout-flow wp-block-column-is-layout-flow\" style=\"flex-basis:100%\">\n<figure class=\"wp-block-gallery has-nested-images columns-default is-cropped wp-block-gallery-1 is-layout-flex wp-block-gallery-is-layout-flex\">\n<figure class=\"wp-block-image size-large\"><a href=\"https:\/\/www.faceaumonde.fr\/histoires.html\" target=\"_blank\" rel=\"noreferrer noopener\"><img loading=\"lazy\" decoding=\"async\" width=\"1024\" height=\"408\" data-id=\"130\" src=\"https:\/\/urgence-enfants-africains.org\/wp-content\/uploads\/2023\/01\/image-1024x408.png\" alt=\"\" class=\"wp-image-130\" srcset=\"https:\/\/urgence-enfants-africains.org\/wp-content\/uploads\/2023\/01\/image-1024x408.png 1024w, https:\/\/urgence-enfants-africains.org\/wp-content\/uploads\/2023\/01\/image-300x120.png 300w, https:\/\/urgence-enfants-africains.org\/wp-content\/uploads\/2023\/01\/image-768x306.png 768w, https:\/\/urgence-enfants-africains.org\/wp-content\/uploads\/2023\/01\/image.png 1327w\" sizes=\"auto, (max-width: 1024px) 100vw, 1024px\" \/><\/a><figcaption class=\"wp-element-caption\"><strong>Source photo : faceaumonde.fr<\/strong><\/figcaption><\/figure>\n<\/figure>\n<\/div>\n<\/div>\n\n\n\n<figure class=\"wp-block-image size-large\"><a href=\"https:\/\/www.faceaumonde.fr\/histoires.html\" target=\"_blank\" rel=\"noreferrer noopener\"><img loading=\"lazy\" decoding=\"async\" width=\"1024\" height=\"261\" src=\"https:\/\/urgence-enfants-africains.org\/wp-content\/uploads\/2023\/01\/image-1-1024x261.png\" alt=\"\" class=\"wp-image-131\" srcset=\"https:\/\/urgence-enfants-africains.org\/wp-content\/uploads\/2023\/01\/image-1-1024x261.png 1024w, https:\/\/urgence-enfants-africains.org\/wp-content\/uploads\/2023\/01\/image-1-300x76.png 300w, https:\/\/urgence-enfants-africains.org\/wp-content\/uploads\/2023\/01\/image-1-768x196.png 768w, https:\/\/urgence-enfants-africains.org\/wp-content\/uploads\/2023\/01\/image-1.png 1259w\" sizes=\"auto, (max-width: 1024px) 100vw, 1024px\" \/><\/a><\/figure>\n\n\n\n<hr class=\"wp-block-separator has-alpha-channel-opacity\"\/>\n\n\n\n<p class=\"has-vivid-red-color has-text-color has-medium-font-size\"><strong>2- <strong>PATHOLOGIE ORTHOPEDIQUE PEDIATRIQUE<\/strong><\/strong><\/p>\n\n\n\n<figure class=\"wp-block-image size-full\"><img loading=\"lazy\" decoding=\"async\" width=\"714\" height=\"363\" src=\"https:\/\/urgence-enfants-africains.org\/wp-content\/uploads\/2023\/04\/image.png\" alt=\"\" class=\"wp-image-402\" srcset=\"https:\/\/urgence-enfants-africains.org\/wp-content\/uploads\/2023\/04\/image.png 714w, https:\/\/urgence-enfants-africains.org\/wp-content\/uploads\/2023\/04\/image-300x153.png 300w\" sizes=\"auto, (max-width: 714px) 100vw, 714px\" \/><\/figure>\n\n\n\n<p><strong>Source Photo pour illustration : http:\/\/www.acmc-ong.net\/piedbot.html<\/strong><\/p>\n\n\n\n<p>\u00b7&nbsp;&nbsp;&nbsp;&nbsp;&nbsp;&nbsp;&nbsp;&nbsp;les maladies osseuses constitutionnelles ;<\/p>\n\n\n\n<p>\u00b7\u00a0\u00a0\u00a0\u00a0\u00a0\u00a0\u00a0\u00a0les in\u00e9galit\u00e9s de longueur des membres et la correction des d\u00e9saxations ;<\/p>\n\n\n\n<p>\u00b7&nbsp;&nbsp;&nbsp;&nbsp;&nbsp;&nbsp;&nbsp;&nbsp;la chirurgie du membre sup\u00e9rieur (cong\u00e9nital, neurologique, post-traumatique) avec une activit\u00e9 de chirurgie plastique et r\u00e9paratrice ;<\/p>\n\n\n\n<p><strong>\u00b7\u00a0\u00a0\u00a0\u00a0\u00a0\u00a0\u00a0<\/strong>Ulc\u00e8re de Buruli (infection \u00e0 Mycobacterium ulcerans)<\/p>\n\n\n\n<figure class=\"wp-block-image size-full is-resized\"><img loading=\"lazy\" decoding=\"async\" src=\"https:\/\/urgence-enfants-africains.org\/wp-content\/uploads\/2023\/04\/image-2.png\" alt=\"\" class=\"wp-image-407\" width=\"290\" height=\"244\" srcset=\"https:\/\/urgence-enfants-africains.org\/wp-content\/uploads\/2023\/04\/image-2.png 615w, https:\/\/urgence-enfants-africains.org\/wp-content\/uploads\/2023\/04\/image-2-300x252.png 300w\" sizes=\"auto, (max-width: 290px) 100vw, 290px\" \/><\/figure>\n\n\n\n<p>\u00b7\u00a0\u00a0\u00a0\u00a0\u00a0\u00a0\u00a0\u00a0Malformation cong\u00e9nitale des membres<\/p>\n\n\n\n<p class=\"has-large-font-size\"><a href=\"mailto:contact@urgence-enfants-africains.org\" target=\"_blank\" rel=\"noreferrer noopener\">contact@urgence-enfants-africains.org<\/a><\/p>\n","protected":false},"excerpt":{"rendered":"<div class=\"mh-excerpt\"><p>Les conditions d&#8217;\u00e9ligibilit\u00e9 des enfants malades sont les suivantes : I- PROCESSUS D\u2019ELIGIBILITE DES ENFANTS MALADES II- PATHOLOGIES PRISE EN CHARGE 1- PATHOLOGIE MAXILLO-FACIALE Ce <a class=\"mh-excerpt-more\" href=\"https:\/\/urgence-enfants-africains.org\/index.php\/pathologies-eligibles\/\" title=\"PATHOLOGIES ELIGIBLES\">[&#8230;]<\/a><\/p>\n<\/div>","protected":false},"author":1,"featured_media":0,"parent":0,"menu_order":0,"comment_status":"closed","ping_status":"closed","template":"","meta":{"footnotes":""},"class_list":["post-74","page","type-page","status-publish","hentry"],"_links":{"self":[{"href":"https:\/\/urgence-enfants-africains.org\/index.php\/wp-json\/wp\/v2\/pages\/74","targetHints":{"allow":["GET"]}}],"collection":[{"href":"https:\/\/urgence-enfants-africains.org\/index.php\/wp-json\/wp\/v2\/pages"}],"about":[{"href":"https:\/\/urgence-enfants-africains.org\/index.php\/wp-json\/wp\/v2\/types\/page"}],"author":[{"embeddable":true,"href":"https:\/\/urgence-enfants-africains.org\/index.php\/wp-json\/wp\/v2\/users\/1"}],"replies":[{"embeddable":true,"href":"https:\/\/urgence-enfants-africains.org\/index.php\/wp-json\/wp\/v2\/comments?post=74"}],"version-history":[{"count":28,"href":"https:\/\/urgence-enfants-africains.org\/index.php\/wp-json\/wp\/v2\/pages\/74\/revisions"}],"predecessor-version":[{"id":501,"href":"https:\/\/urgence-enfants-africains.org\/index.php\/wp-json\/wp\/v2\/pages\/74\/revisions\/501"}],"wp:attachment":[{"href":"https:\/\/urgence-enfants-africains.org\/index.php\/wp-json\/wp\/v2\/media?parent=74"}],"curies":[{"name":"wp","href":"https:\/\/api.w.org\/{rel}","templated":true}]}}