{"id":13,"date":"2023-01-01T08:39:36","date_gmt":"2023-01-01T07:39:36","guid":{"rendered":"http:\/\/urgence-enfants-africains.org\/?page_id=13"},"modified":"2023-01-03T08:56:37","modified_gmt":"2023-01-03T07:56:37","slug":"historique","status":"publish","type":"page","link":"https:\/\/urgence-enfants-africains.org\/index.php\/historique\/","title":{"rendered":"HISTORIQUE"},"content":{"rendered":"\n<p>L\u2019Association \u00ab&nbsp;<strong>Urgence Enfants Africains<\/strong>&nbsp;\u00bb est le fruit d\u2019une expertise acquise \u00e0 travers diverses actions humanitaires dans un \u00ab&nbsp;cadre informel&nbsp;\u00bb en faveur des enfants d\u00e9favoris\u00e9s au Congo-Brazzaville. Elles ont \u00e9t\u00e9 initi\u00e9es par <strong>Mingwa BIANGO<\/strong> et <strong>Geoffroy Justin BALONGA<\/strong>, les cofondateurs d\u2019\u00ab&nbsp;<strong>Urgence Enfants Africains&nbsp;\u00bb <\/strong>avec la contribution active d\u2019autres membres de la soci\u00e9t\u00e9 civile congolaise comme <strong>Benjamin MOUTSILA, Prince KITEMO, Maurille LOUZALA, Michel PANDI, Prosper MOUANDA-MOUSSOKI, Lionel GNALI\u2026<\/strong><\/p>\n\n\n\n<p>Toutes les actions humanitaires que nous avons r\u00e9alis\u00e9es, ont \u00e9t\u00e9 financ\u00e9es \u00e0 partir de cha\u00eenes de solidarit\u00e9 et de collectes de fonds dans la communaut\u00e9 congolaise et africaine.<\/p>\n\n\n\n<p>Parmi les projets humanitaires <strong>\u00ab&nbsp;sp\u00e9cifiques&nbsp;\u00e0 l\u2019enfance \u00bb<\/strong> \u00e0 notre actif, citons quelques-uns de nos projets majeurs&nbsp;:<\/p>\n\n\n\n<p class=\"has-black-color has-text-color has-medium-font-size\"><strong>I- Evacuation sanitaire de Liza Kiminou-Nganga en France (29 ao\u00fbt \u2013 29 octobre 2022)<\/strong><\/p>\n\n\n\n<p>Liza Kiminou Nganga est Congolaise de Brazzaville et avait neuf (9) ans<a href=\"https:\/\/congo-liberty.org\/liza-kiminou-nganga-est-arrivee-a-paris-dans-le-cadre-de-son-evacuation-sanitaire-ce-29-aout-2022\/\" target=\"_blank\" rel=\"noreferrer noopener\"> lorsqu\u2019elle est arriv\u00e9e en France le 29 ao\u00fbt 2022 dans le cadre d\u2019une \u00e9vacuation sanitaire<\/a>, pour une op\u00e9ration chirurgicale ne pouvant \u00eatre r\u00e9alis\u00e9e au Congo-Brazzaville. Elle souffrait d\u2019une forme gravissime d\u2019Ankylose maxillo-faciale bilat\u00e9rale de type&nbsp;mandibulaire correspondant \u00e0 un blocage permanent des m\u00e2choires qui l\u2019emp\u00eachait de se nourrir correctement. <a href=\"https:\/\/congo-liberty.org\/loperation-de-liza-nganga-sest-deroulee-avec-succes-le-13-septembre-2022-a-paris-france\/\" target=\"_blank\" rel=\"noreferrer noopener\">Elle a \u00e9t\u00e9 op\u00e9r\u00e9e avec succ\u00e8s le 13 septembre 2022<\/a> \u00e0 l\u2019h\u00f4pital Necker \u00ab&nbsp;enfants malades&nbsp;\u00bb. <a href=\"https:\/\/congo-liberty.org\/liza-kiminou-nganga-est-rentree-a-pointe-noire-ce-samedi-29-octobre-2022%ef%bf%bc\/\" target=\"_blank\" rel=\"noreferrer noopener\">La petite Liza est rentr\u00e9e au Congo-Brazzaville le 29 octobre 2022.<\/a><\/p>\n\n\n\n<p>Nous avons r\u00e9alis\u00e9 ce projet humanitaire dans le cadre d\u2019un Collectif ad-hoc \u00ab&nbsp;Sauvons Liza Kiminou-Nganga&nbsp;\u00bb en partenariat avec les ONG \u00ab&nbsp;<strong>FACE AU MONDE et AVIATION SANS FRONTIERES<\/strong>&nbsp;\u00bb.<\/p>\n\n\n<div class=\"wp-block-image\">\n<figure class=\"aligncenter size-full is-resized\"><img loading=\"lazy\" decoding=\"async\" src=\"https:\/\/urgence-enfants-africains.org\/wp-content\/uploads\/2023\/01\/BLOC-LIZA.jpg\" alt=\"\" class=\"wp-image-32\" width=\"380\" height=\"506\" srcset=\"https:\/\/urgence-enfants-africains.org\/wp-content\/uploads\/2023\/01\/BLOC-LIZA.jpg 294w, https:\/\/urgence-enfants-africains.org\/wp-content\/uploads\/2023\/01\/BLOC-LIZA-226x300.jpg 226w\" sizes=\"auto, (max-width: 380px) 100vw, 380px\" \/><figcaption class=\"wp-element-caption\">Liza K NG \u00e0 l&#8217;hopital Necker \u00e0 Paris, le 13 septembre 2022<\/figcaption><\/figure>\n<\/div>\n\n\n<p>Quelques liens au sujet de l\u2019\u00e9vacuation sanitaire de Liza Kiminou-Nganga en France&nbsp;:<\/p>\n\n\n\n<p class=\"has-vivid-cyan-blue-color has-text-color\"><a href=\"https:\/\/congo-liberty.org\/liza-kiminou-nganga-est-rentree-a-pointe-noire-ce-samedi-29-octobre-2022%ef%bf%bc\/\" target=\"_blank\" rel=\"noreferrer noopener\">https:\/\/congo-liberty.org\/liza-kiminou-nganga-est-rentree-a-pointe-noire-ce-samedi-29-octobre-2022%ef%bf%bc\/<\/a><\/p>\n\n\n\n<p class=\"has-vivid-cyan-blue-color has-text-color\"><a href=\"https:\/\/congo-liberty.org\/liza-kiminou-nganga-est-arrivee-a-paris-dans-le-cadre-de-son-evacuation-sanitaire-ce-29-aout-2022\/\" target=\"_blank\" rel=\"noreferrer noopener\">https:\/\/congo-liberty.org\/liza-kiminou-nganga-est-arrivee-a-paris-dans-le-cadre-de-son-evacuation-sanitaire-ce-29-aout-2022\/<\/a><\/p>\n\n\n\n<p class=\"has-vivid-cyan-blue-color has-text-color\"><a href=\"https:\/\/congo-liberty.org\/loperation-de-liza-nganga-sest-deroulee-avec-succes-le-13-septembre-2022-a-paris-france\/\" target=\"_blank\" rel=\"noreferrer noopener\">https:\/\/congo-liberty.org\/loperation-de-liza-nganga-sest-deroulee-avec-succes-le-13-septembre-2022-a-paris-france\/<\/a><\/p>\n\n\n\n<p><\/p>\n\n\n\n<p class=\"has-black-color has-text-color has-medium-font-size\"><strong>II- La campagne de distribution des kits scolaires aux enfants victimes de la guerre du Pool au Congo-Brazzaville (octobre-d\u00e9cembre 2017) en partenariat avec CARITAS-CONGO<\/strong><\/p>\n\n\n<div class=\"wp-block-image\">\n<figure class=\"aligncenter size-full is-resized\"><img loading=\"lazy\" decoding=\"async\" src=\"https:\/\/urgence-enfants-africains.org\/wp-content\/uploads\/2023\/01\/Kit1.jpg\" alt=\"\" class=\"wp-image-33\" width=\"553\" height=\"377\" srcset=\"https:\/\/urgence-enfants-africains.org\/wp-content\/uploads\/2023\/01\/Kit1.jpg 378w, https:\/\/urgence-enfants-africains.org\/wp-content\/uploads\/2023\/01\/Kit1-300x205.jpg 300w\" sizes=\"auto, (max-width: 553px) 100vw, 553px\" \/><\/figure>\n<\/div>\n\n<div class=\"wp-block-image\">\n<figure class=\"aligncenter size-full is-resized\"><img loading=\"lazy\" decoding=\"async\" src=\"https:\/\/urgence-enfants-africains.org\/wp-content\/uploads\/2023\/01\/Kit2.jpg\" alt=\"\" class=\"wp-image-34\" width=\"544\" height=\"358\" srcset=\"https:\/\/urgence-enfants-africains.org\/wp-content\/uploads\/2023\/01\/Kit2.jpg 381w, https:\/\/urgence-enfants-africains.org\/wp-content\/uploads\/2023\/01\/Kit2-300x198.jpg 300w\" sizes=\"auto, (max-width: 544px) 100vw, 544px\" \/><\/figure>\n<\/div>\n\n<div class=\"wp-block-image\">\n<figure class=\"aligncenter size-full is-resized\"><img loading=\"lazy\" decoding=\"async\" src=\"https:\/\/urgence-enfants-africains.org\/wp-content\/uploads\/2023\/01\/Kit3.jpg\" alt=\"\" class=\"wp-image-35\" width=\"540\" height=\"303\" srcset=\"https:\/\/urgence-enfants-africains.org\/wp-content\/uploads\/2023\/01\/Kit3.jpg 385w, https:\/\/urgence-enfants-africains.org\/wp-content\/uploads\/2023\/01\/Kit3-300x168.jpg 300w\" sizes=\"auto, (max-width: 540px) 100vw, 540px\" \/><\/figure>\n<\/div>\n\n\n<p><a href=\"mailto:contact@urgence-enfants-africains.org\">contact@urgence-enfants-africains.org<\/a><\/p>\n","protected":false},"excerpt":{"rendered":"<div class=\"mh-excerpt\"><p>L\u2019Association \u00ab&nbsp;Urgence Enfants Africains&nbsp;\u00bb est le fruit d\u2019une expertise acquise \u00e0 travers diverses actions humanitaires dans un \u00ab&nbsp;cadre informel&nbsp;\u00bb en faveur des enfants d\u00e9favoris\u00e9s au <a class=\"mh-excerpt-more\" href=\"https:\/\/urgence-enfants-africains.org\/index.php\/historique\/\" title=\"HISTORIQUE\">[&#8230;]<\/a><\/p>\n<\/div>","protected":false},"author":1,"featured_media":0,"parent":0,"menu_order":0,"comment_status":"closed","ping_status":"closed","template":"","meta":{"footnotes":""},"class_list":["post-13","page","type-page","status-publish","hentry"],"_links":{"self":[{"href":"https:\/\/urgence-enfants-africains.org\/index.php\/wp-json\/wp\/v2\/pages\/13","targetHints":{"allow":["GET"]}}],"collection":[{"href":"https:\/\/urgence-enfants-africains.org\/index.php\/wp-json\/wp\/v2\/pages"}],"about":[{"href":"https:\/\/urgence-enfants-africains.org\/index.php\/wp-json\/wp\/v2\/types\/page"}],"author":[{"embeddable":true,"href":"https:\/\/urgence-enfants-africains.org\/index.php\/wp-json\/wp\/v2\/users\/1"}],"replies":[{"embeddable":true,"href":"https:\/\/urgence-enfants-africains.org\/index.php\/wp-json\/wp\/v2\/comments?post=13"}],"version-history":[{"count":4,"href":"https:\/\/urgence-enfants-africains.org\/index.php\/wp-json\/wp\/v2\/pages\/13\/revisions"}],"predecessor-version":[{"id":166,"href":"https:\/\/urgence-enfants-africains.org\/index.php\/wp-json\/wp\/v2\/pages\/13\/revisions\/166"}],"wp:attachment":[{"href":"https:\/\/urgence-enfants-africains.org\/index.php\/wp-json\/wp\/v2\/media?parent=13"}],"curies":[{"name":"wp","href":"https:\/\/api.w.org\/{rel}","templated":true}]}}