{"id":12,"date":"2023-01-01T08:39:36","date_gmt":"2023-01-01T07:39:36","guid":{"rendered":"http:\/\/urgence-enfants-africains.org\/?page_id=12"},"modified":"2023-01-06T14:54:40","modified_gmt":"2023-01-06T13:54:40","slug":"presentation","status":"publish","type":"page","link":"https:\/\/urgence-enfants-africains.org\/index.php\/presentation\/","title":{"rendered":"PRESENTATION"},"content":{"rendered":"\n<p><strong>Urgence Enfants Africains\u00a0est une association humanitaire a but non lucratif, r\u00e9git par la loi du 1<sup>er<\/sup> juillet 1901<\/strong> et d\u00e9clar\u00e9e en Prefecture de Seine-et-Marne sous le N\u00b0 W771020769<\/p>\n\n\n\n<p>Nos champs d\u2019actions sont \u00ab&nbsp;la Sant\u00e9 et l\u2019Education des enfants&nbsp;\u00bb, respectivement num\u00e9ro 3 et 4, des <a rel=\"noreferrer noopener\" href=\"https:\/\/www.un.org\/sustainabledevelopment\/fr\/\" target=\"_blank\">17 Objectifs du D\u00e9veloppement Durable (ODD) pour 2030, de l\u2019Organisation des Nations Unies (ONU).<\/a><\/p>\n\n\n\n<p><strong>Urgence Enfants Africains<\/strong>&nbsp;identifie les enfants malades africains ne pouvant \u00eatre soign\u00e9s dans leurs pays d\u2019origine, pour des raisons financi\u00e8res ou par manque de structure m\u00e9dicale adapt\u00e9e.<\/p>\n\n\n\n<p><strong>Urgence Enfants Africains<\/strong> trouve les partenaires (Organisations Non Gouvernementales) pouvant prendre en charge financi\u00e8re tous les soins m\u00e9dicaux.<a rel=\"noreferrer noopener\" href=\"https:\/\/urgence-enfants-africains.org\/index.php\/pathologies-eligibles\/\" target=\"_blank\">Voir les conditions d&#8217;\u00e9ligibilit\u00e9 des enfants malades et les pathologies prises en charge.<\/a><\/p>\n\n\n\n<p>Toutes les d\u00e9penses financi\u00e8res relatives \u00e0 l\u2019\u00e9vacuation sanitaire de l\u2019enfant malade (billet d&#8217;avion , h\u00e9bergement et s\u00e9jour en France&#8230;) sont prises en charge par l\u2019association <strong>Urgence Enfants Africains<\/strong>&nbsp;et ses partenaires.<\/p>\n\n\n\n<p class=\"has-vivid-red-color has-text-color\"><strong>L\u2019\u00e9vacuation sanitaire et l\u2019h\u00e9bergement de l\u2019enfant malade \u00e0 l\u2019\u00e9tranger sont totalement gratuits pour sa famille.<\/strong><\/p>\n\n\n\n<p style=\"font-size:26px\"><strong>NOS OBJECTIFS<\/strong><\/p>\n\n\n\n<p class=\"has-medium-font-size\"><strong> (Article 2&nbsp;: Extrait des statuts d\u2019Urgence Enfants Africains)<\/strong><\/p>\n\n\n\n<ul class=\"wp-block-list\">\n<li>Evacuation sanitaire et h\u00e9bergement des enfants africains en France ou dans des structures hospitali\u00e8res \u00e9trang\u00e8res, ne pouvant \u00eatre soign\u00e9s dans leurs pays d\u2019origine, faute de moyens techniques, d\u2019infrastructures adapt\u00e9es et de comp\u00e9tences m\u00e9dicales sp\u00e9cialis\u00e9es ;<\/li>\n<\/ul>\n\n\n\n<ul class=\"wp-block-list\">\n<li>Offrir des secours m\u00e9dicaux aux enfants, y compris par l\u2019acquisition et l\u2019envoi \u00e0 l\u2019\u00e9tranger de m\u00e9dicaments ainsi que de produits de sant\u00e9 ;<strong><\/strong><\/li>\n<\/ul>\n\n\n\n<ul class=\"wp-block-list\">\n<li>Elaboration des campagnes de pr\u00e9vention et soins m\u00e9dicaux en milieu scolaire pour identifier et soigner des enfants&nbsp;souffrant de certaines pathologies ;<\/li>\n<\/ul>\n\n\n\n<ul class=\"wp-block-list\">\n<li>Construction et r\u00e9habilitation des \u00e9coles dans les zones rurales&nbsp;;<\/li>\n<\/ul>\n\n\n\n<ul class=\"wp-block-list\">\n<li>Parrainage et aide \u00e0 la scolarisation des enfants d\u00e9favoris\u00e9s&nbsp;;<\/li>\n<\/ul>\n\n\n\n<p><\/p>\n\n\n\n<p style=\"font-size:26px\"><strong>PROCESSUS D\u2019ELIGIBITE DES ENFANTS MALADES<\/strong><\/p>\n\n\n\n<p class=\"has-vivid-red-color has-text-color\"><strong>Les conditions d\u2019\u00e9ligibilit\u00e9 des enfants malades sont sont les suivantes :<\/strong><\/p>\n\n\n\n<p class=\"has-vivid-red-color has-text-color\"><strong>&#8211; Les enfants ag\u00e9s de 3-12 ans<\/strong><\/p>\n\n\n\n<p class=\"has-vivid-red-color has-text-color\"><strong>&#8211; Les maladies des enfants ne peuvent \u00eatre prises en charge dans leurs pays<\/strong><\/p>\n\n\n\n<p class=\"has-vivid-red-color has-text-color\"><strong>&#8211; Les parents des enfants malades sont pauvres ou d\u00e9favoris\u00e9s<\/strong><\/p>\n\n\n\n<ol class=\"wp-block-list\" type=\"1\">\n<li>Identifier les enfants africains malades ne pouvant \u00eatre soign\u00e9s dans leurs pays d\u2019origine&nbsp;;<\/li>\n\n\n\n<li>Validation du diagnostic m\u00e9dical pr\u00e9liminaire de l\u2019enfant malade par des experts locaux et le cas \u00e9ch\u00e9ant des services consulaires du pays de destination du s\u00e9jour m\u00e9dical&nbsp;;<\/li>\n\n\n\n<li>Validation des experts m\u00e9dicaux de nos partenaires prenant en charge m\u00e9dicale (op\u00e9ration chirurgicale) en France ou dans un autre pays \u00e9tranger&nbsp;;<\/li>\n\n\n\n<li>Constitution du dossier d\u2019\u00e9vacuation sanitaire et demande du visa sanitaire&nbsp;;<\/li>\n\n\n\n<li>Accueil et h\u00e9bergement de l\u2019enfant malade dans une famille d\u2019accueil b\u00e9n\u00e9vole durant tout le s\u00e9jour m\u00e9dical&nbsp;;<\/li>\n\n\n\n<li>Retour de l\u2019enfant malade dans son pays d\u2019origine&nbsp;;<\/li>\n<\/ol>\n","protected":false},"excerpt":{"rendered":"<div class=\"mh-excerpt\"><p>Urgence Enfants Africains\u00a0est une association humanitaire a but non lucratif, r\u00e9git par la loi du 1er juillet 1901 et d\u00e9clar\u00e9e en Prefecture de Seine-et-Marne sous <a class=\"mh-excerpt-more\" href=\"https:\/\/urgence-enfants-africains.org\/index.php\/presentation\/\" title=\"PRESENTATION\">[&#8230;]<\/a><\/p>\n<\/div>","protected":false},"author":1,"featured_media":0,"parent":0,"menu_order":0,"comment_status":"closed","ping_status":"closed","template":"","meta":{"footnotes":""},"class_list":["post-12","page","type-page","status-publish","hentry"],"_links":{"self":[{"href":"https:\/\/urgence-enfants-africains.org\/index.php\/wp-json\/wp\/v2\/pages\/12","targetHints":{"allow":["GET"]}}],"collection":[{"href":"https:\/\/urgence-enfants-africains.org\/index.php\/wp-json\/wp\/v2\/pages"}],"about":[{"href":"https:\/\/urgence-enfants-africains.org\/index.php\/wp-json\/wp\/v2\/types\/page"}],"author":[{"embeddable":true,"href":"https:\/\/urgence-enfants-africains.org\/index.php\/wp-json\/wp\/v2\/users\/1"}],"replies":[{"embeddable":true,"href":"https:\/\/urgence-enfants-africains.org\/index.php\/wp-json\/wp\/v2\/comments?post=12"}],"version-history":[{"count":13,"href":"https:\/\/urgence-enfants-africains.org\/index.php\/wp-json\/wp\/v2\/pages\/12\/revisions"}],"predecessor-version":[{"id":254,"href":"https:\/\/urgence-enfants-africains.org\/index.php\/wp-json\/wp\/v2\/pages\/12\/revisions\/254"}],"wp:attachment":[{"href":"https:\/\/urgence-enfants-africains.org\/index.php\/wp-json\/wp\/v2\/media?parent=12"}],"curies":[{"name":"wp","href":"https:\/\/api.w.org\/{rel}","templated":true}]}}